{"id":7,"date":"2024-02-04T22:40:41","date_gmt":"2024-02-04T21:40:41","guid":{"rendered":"https:\/\/marcbricard.fr\/?page_id=7"},"modified":"2024-02-09T22:15:30","modified_gmt":"2024-02-09T21:15:30","slug":"accueil","status":"publish","type":"page","link":"https:\/\/marcbricard.fr\/index.php\/accueil\/","title":{"rendered":"Parcours"},"content":{"rendered":"\n<p>J&rsquo;ai commenc\u00e9 \u00e0 vraiment raconter avec <strong>la sorci\u00e8re du placard aux balais<\/strong> de <strong>Pierre Gripari<\/strong> dans les ann\u00e9es 1990 quand je suis devenu instituteur. J&rsquo;ai ensuite ajout\u00e9 <strong>Scoubidou la poup\u00e9e qui sait tout<\/strong>, \u00e9galement de <strong>Pierre Gripari<\/strong>. Ces deux contes m&rsquo;ont accompagn\u00e9 pendant des ann\u00e9es et m&rsquo;accompagnent toujours. <\/p>\n\n\n\n<p>Dans les ann\u00e9es 2000, j&rsquo;ai vu un spectacle de <strong>Jihad Darwich<\/strong> et <strong>Kamel Guennoun<\/strong> et gr\u00e2ce \u00e0 eux, j&rsquo;ai d\u00e9couvert Nasredin car ils ont termin\u00e9 en racontant, entre autres : <strong>la cl\u00e9<\/strong> et <strong>le manteau<\/strong> et c&rsquo;est souvent avec <strong>la cl\u00e9<\/strong> que je commence pour faire d\u00e9couvrir ce personnage \u00e9tonnant.<\/p>\n\n\n\n<p><\/p>\n\n\n\n<p>Puis, en 2015, j&rsquo;ai rejoint l&rsquo;atelier contes de <strong>Virginie Lagarde<\/strong>, conteuse professionnelle qui nous a enseign\u00e9 i&rsquo;art du conte. Et je l&rsquo;en remercie vivement ici. Avec l&rsquo;atelier, nous avons racont\u00e9 aux adultes, aux enfants, \u00e0 domicile, en ext\u00e9rieur (lors de balades cont\u00e9es), dans de petites salles et m\u00eame sur une p\u00e9niche..<\/p>\n\n\n\n<p>Une pr\u00e9cieuse \u00e9cole avant de se lancer seul sur sc\u00e8ne.<\/p>\n","protected":false},"excerpt":{"rendered":"<p>J&rsquo;ai commenc\u00e9 \u00e0 vraiment raconter avec la sorci\u00e8re du placard aux balais de Pierre Gripari dans les ann\u00e9es 1990 quand je suis devenu instituteur. J&rsquo;ai ensuite ajout\u00e9 Scoubidou la poup\u00e9e qui sait tout, \u00e9galement de Pierre Gripari. Ces deux contes m&rsquo;ont accompagn\u00e9 pendant des ann\u00e9es et m&rsquo;accompagnent toujours. Dans les ann\u00e9es 2000, j&rsquo;ai vu un &hellip; <\/p>\n<p class=\"link-more\"><a href=\"https:\/\/marcbricard.fr\/index.php\/accueil\/\" class=\"more-link\">Continuer la lecture<span class=\"screen-reader-text\"> de &laquo;&nbsp;Parcours&nbsp;&raquo;<\/span><\/a><\/p>\n","protected":false},"author":1,"featured_media":0,"parent":0,"menu_order":0,"comment_status":"closed","ping_status":"closed","template":"","meta":{"footnotes":""},"class_list":["post-7","page","type-page","status-publish","hentry"],"_links":{"self":[{"href":"https:\/\/marcbricard.fr\/index.php\/wp-json\/wp\/v2\/pages\/7","targetHints":{"allow":["GET"]}}],"collection":[{"href":"https:\/\/marcbricard.fr\/index.php\/wp-json\/wp\/v2\/pages"}],"about":[{"href":"https:\/\/marcbricard.fr\/index.php\/wp-json\/wp\/v2\/types\/page"}],"author":[{"embeddable":true,"href":"https:\/\/marcbricard.fr\/index.php\/wp-json\/wp\/v2\/users\/1"}],"replies":[{"embeddable":true,"href":"https:\/\/marcbricard.fr\/index.php\/wp-json\/wp\/v2\/comments?post=7"}],"version-history":[{"count":19,"href":"https:\/\/marcbricard.fr\/index.php\/wp-json\/wp\/v2\/pages\/7\/revisions"}],"predecessor-version":[{"id":99,"href":"https:\/\/marcbricard.fr\/index.php\/wp-json\/wp\/v2\/pages\/7\/revisions\/99"}],"wp:attachment":[{"href":"https:\/\/marcbricard.fr\/index.php\/wp-json\/wp\/v2\/media?parent=7"}],"curies":[{"name":"wp","href":"https:\/\/api.w.org\/{rel}","templated":true}]}}