{"id":34,"date":"2024-02-04T23:26:46","date_gmt":"2024-02-04T22:26:46","guid":{"rendered":"https:\/\/marcbricard.fr\/?page_id=34"},"modified":"2025-09-02T17:40:20","modified_gmt":"2025-09-02T15:40:20","slug":"spectacles","status":"publish","type":"page","link":"https:\/\/marcbricard.fr\/","title":{"rendered":"Spectacles"},"content":{"rendered":"\n<p><strong>Un Shlemiel de Chelm<\/strong><\/p>\n\n\n\n<p>\u00c0 Chelm, tous parlent ou agissent de fa\u00e7on absurde et les membres du conseil des sages pr\u00e9sid\u00e9 par Gronam le B\u0153uf sont probablement les plus absurdes de tous. Shlemiel, lui, est un r\u00eaveur mais il n&rsquo;en reste pas moins un digne habitant de Chelm.<\/p>\n\n\n\n<p><em>\u00c0 partir de 8 ans &#8211; dur\u00e9e : 1h00<\/em><\/p>\n\n\n\n<figure class=\"wp-block-image size-large\"><img loading=\"lazy\" decoding=\"async\" width=\"724\" height=\"1024\" src=\"https:\/\/marcbricard.fr\/wp-content\/uploads\/2025\/09\/AfficheSoireeContes_V3-724x1024.png\" alt=\"\" class=\"wp-image-205\" srcset=\"https:\/\/marcbricard.fr\/wp-content\/uploads\/2025\/09\/AfficheSoireeContes_V3-724x1024.png 724w, https:\/\/marcbricard.fr\/wp-content\/uploads\/2025\/09\/AfficheSoireeContes_V3-212x300.png 212w, https:\/\/marcbricard.fr\/wp-content\/uploads\/2025\/09\/AfficheSoireeContes_V3-768x1086.png 768w, https:\/\/marcbricard.fr\/wp-content\/uploads\/2025\/09\/AfficheSoireeContes_V3-1086x1536.png 1086w, https:\/\/marcbricard.fr\/wp-content\/uploads\/2025\/09\/AfficheSoireeContes_V3-1448x2048.png 1448w, https:\/\/marcbricard.fr\/wp-content\/uploads\/2025\/09\/AfficheSoireeContes_V3.png 1587w\" sizes=\"auto, (max-width: 724px) 100vw, 724px\" \/><\/figure>\n\n\n\n<div style=\"height:30px\" aria-hidden=\"true\" class=\"wp-block-spacer\"><\/div>\n\n\n\n<p><strong>Gilgamesh<\/strong> (\u00e9pop\u00e9e antique)<\/p>\n\n\n\n<p>Gilgamesh r\u00e8gne en ma\u00eetre sur la cit\u00e9 d&rsquo;Uruk. Mais les habitants se plaignent de ses d\u00e9bordements. Les dieux lui envoient un adversaire digne de sa stature. Il deviendra son ami, et l&#8217;emm\u00e8nera malgr\u00e9 lui dans un parcours initiatique. <\/p>\n\n\n\n<p><em>\u00c0 partir de 10 ans &#8211; dur\u00e9e : 1h15 (avec musicien ou sans musicien)<\/em><\/p>\n\n\n\n<div style=\"height:30px\" aria-hidden=\"true\" class=\"wp-block-spacer\"><\/div>\n\n\n\n<p><strong>Les trois fr\u00e8res<\/strong> (contes serbes)<\/p>\n\n\n\n<p>Un vieux tsar, au moment de sa mort, ordonne \u00e0 ses trois fils d&rsquo;accepter pour leurs trois s\u0153urs les premiers pr\u00e9tendants  qui se pr\u00e9senteront. Qui sont-ils, ceux qui sont venus emmener leurs s\u0153urs ?<\/p>\n\n\n\n<p><em>\u00c0 partir de 12 ans &#8211; dur\u00e9e : 1h00<\/em><\/p>\n\n\n\n<div style=\"height:28px\" aria-hidden=\"true\" class=\"wp-block-spacer\"><\/div>\n\n\n\n<p><strong>Jeannot le petit<\/strong><\/p>\n\n\n\n<p>Jeannot habite une petite maison avec un grand jardin plein d&rsquo;animaux \u00e0 qui il arrive de nombreuses aventures.<\/p>\n\n\n\n<p><em>\u00c0 partir de 3 ans &#8211; dur\u00e9e : 45 minutes<\/em><\/p>\n\n\n\n<div style=\"height:30px\" aria-hidden=\"true\" class=\"wp-block-spacer\"><\/div>\n\n\n\n<p><strong>Jeannot le grand<\/strong><\/p>\n\n\n\n<p>Jeannot est un gar\u00e7on espi\u00e8gle. Suivons-le dans toute une s\u00e9rie d&rsquo;histoires \u00e9tonnantes.<\/p>\n\n\n\n<p><em>\u00c0 partir de 6 ans &#8211; dur\u00e9e : 1h00<\/em><\/p>\n","protected":false},"excerpt":{"rendered":"<p>Un Shlemiel de Chelm \u00c0 Chelm, tous parlent ou agissent de fa\u00e7on absurde et les membres du conseil des sages pr\u00e9sid\u00e9 par Gronam le B\u0153uf sont probablement les plus absurdes de tous. Shlemiel, lui, est un r\u00eaveur mais il n&rsquo;en reste pas moins un digne habitant de Chelm. \u00c0 partir de 8 ans &#8211; dur\u00e9e &hellip; <\/p>\n<p class=\"link-more\"><a href=\"https:\/\/marcbricard.fr\/\" class=\"more-link\">Continuer la lecture<span class=\"screen-reader-text\"> de &laquo;&nbsp;Spectacles&nbsp;&raquo;<\/span><\/a><\/p>\n","protected":false},"author":1,"featured_media":0,"parent":0,"menu_order":0,"comment_status":"closed","ping_status":"closed","template":"","meta":{"footnotes":""},"class_list":["post-34","page","type-page","status-publish","hentry"],"_links":{"self":[{"href":"https:\/\/marcbricard.fr\/index.php\/wp-json\/wp\/v2\/pages\/34","targetHints":{"allow":["GET"]}}],"collection":[{"href":"https:\/\/marcbricard.fr\/index.php\/wp-json\/wp\/v2\/pages"}],"about":[{"href":"https:\/\/marcbricard.fr\/index.php\/wp-json\/wp\/v2\/types\/page"}],"author":[{"embeddable":true,"href":"https:\/\/marcbricard.fr\/index.php\/wp-json\/wp\/v2\/users\/1"}],"replies":[{"embeddable":true,"href":"https:\/\/marcbricard.fr\/index.php\/wp-json\/wp\/v2\/comments?post=34"}],"version-history":[{"count":30,"href":"https:\/\/marcbricard.fr\/index.php\/wp-json\/wp\/v2\/pages\/34\/revisions"}],"predecessor-version":[{"id":206,"href":"https:\/\/marcbricard.fr\/index.php\/wp-json\/wp\/v2\/pages\/34\/revisions\/206"}],"wp:attachment":[{"href":"https:\/\/marcbricard.fr\/index.php\/wp-json\/wp\/v2\/media?parent=34"}],"curies":[{"name":"wp","href":"https:\/\/api.w.org\/{rel}","templated":true}]}}