{"id":30,"date":"2024-02-04T23:21:44","date_gmt":"2024-02-04T22:21:44","guid":{"rendered":"https:\/\/marcbricard.fr\/?page_id=30"},"modified":"2024-04-13T20:18:26","modified_gmt":"2024-04-13T18:18:26","slug":"bibliographie","status":"publish","type":"page","link":"https:\/\/marcbricard.fr\/index.php\/bibliographie\/","title":{"rendered":"Bibliographie"},"content":{"rendered":"\n<p>Pour les plus jeunes :<\/p>\n\n\n\n<p><em><strong>Les contes de la rue Broca<\/strong><\/em> de <strong>Pierre Gripari<\/strong><\/p>\n\n\n\n<p>Livre fondamental de ma biblioth\u00e8que, dans lequel j&rsquo;ai pioch\u00e9 :  \u00ab\u00a0La sorci\u00e8re du placard aux balais\u00a0\u00bb et \u00ab\u00a0Scoubidou, la poup\u00e9e qui sait tout\u00a0\u00bb, s\u00fbrement les deux histoires que j&rsquo;ai le plus racont\u00e9es.<\/p>\n\n\n\n<div style=\"height:30px\" aria-hidden=\"true\" class=\"wp-block-spacer\"><\/div>\n\n\n\n<p>Pour les plus grands :<\/p>\n\n\n\n<p><strong><em>Le cercle des menteurs<\/em><\/strong> de<strong> Jean-Claude Carri\u00e8re<\/strong><\/p>\n\n\n\n<p>Un grand choix de contes de toutes sortes. Une mine pour le conteur.<\/p>\n\n\n\n<p><strong><em>Contes populaires serbes<\/em><\/strong> de <strong>Vouk Karadjitch<\/strong><\/p>\n\n\n\n<p>Des contes \u00e9tonnants que l&rsquo;on retrouve dans le spectacle &lsquo;Les trois fr\u00e8res&rsquo;.<\/p>\n\n\n\n<p><strong><em>Les mille et une nuits<\/em><\/strong> dans la traduction d&rsquo;<strong>Antoine Galland<\/strong><\/p>\n\n\n\n<p>Un univers d\u00e9paysant, avec des contes \u00e0 tiroirs plut\u00f4t pour adultes.<\/p>\n\n\n\n<p><strong><em>Les Exploits de l&rsquo;Incomparable Mulla Nasrudin<\/em><\/strong> de <strong>Idries Shah<\/strong><\/p>\n\n\n\n<p>Nasredin est un univers \u00e0 lui seul.<\/p>\n\n\n\n<p><strong><em>L&rsquo;arbre \u00e0 soleils<\/em><\/strong>,<strong><em> L&rsquo;arbre aux tr\u00e9sor<\/em><\/strong>, <strong><em>L&rsquo;arbre d&rsquo;amour et de sagesse<\/em><\/strong> de <strong>Henri Gougaud<\/strong> <\/p>\n\n\n\n<p>Des contes choisis par un ma\u00eetre du conte pour le plaisir de chacun.<\/p>\n","protected":false},"excerpt":{"rendered":"<p>Pour les plus jeunes : Les contes de la rue Broca de Pierre Gripari Livre fondamental de ma biblioth\u00e8que, dans lequel j&rsquo;ai pioch\u00e9 : \u00ab\u00a0La sorci\u00e8re du placard aux balais\u00a0\u00bb et \u00ab\u00a0Scoubidou, la poup\u00e9e qui sait tout\u00a0\u00bb, s\u00fbrement les deux histoires que j&rsquo;ai le plus racont\u00e9es. Pour les plus grands : Le cercle des menteurs &hellip; <\/p>\n<p class=\"link-more\"><a href=\"https:\/\/marcbricard.fr\/index.php\/bibliographie\/\" class=\"more-link\">Continuer la lecture<span class=\"screen-reader-text\"> de &laquo;&nbsp;Bibliographie&nbsp;&raquo;<\/span><\/a><\/p>\n","protected":false},"author":1,"featured_media":0,"parent":0,"menu_order":0,"comment_status":"closed","ping_status":"closed","template":"","meta":{"footnotes":""},"class_list":["post-30","page","type-page","status-publish","hentry"],"_links":{"self":[{"href":"https:\/\/marcbricard.fr\/index.php\/wp-json\/wp\/v2\/pages\/30","targetHints":{"allow":["GET"]}}],"collection":[{"href":"https:\/\/marcbricard.fr\/index.php\/wp-json\/wp\/v2\/pages"}],"about":[{"href":"https:\/\/marcbricard.fr\/index.php\/wp-json\/wp\/v2\/types\/page"}],"author":[{"embeddable":true,"href":"https:\/\/marcbricard.fr\/index.php\/wp-json\/wp\/v2\/users\/1"}],"replies":[{"embeddable":true,"href":"https:\/\/marcbricard.fr\/index.php\/wp-json\/wp\/v2\/comments?post=30"}],"version-history":[{"count":24,"href":"https:\/\/marcbricard.fr\/index.php\/wp-json\/wp\/v2\/pages\/30\/revisions"}],"predecessor-version":[{"id":119,"href":"https:\/\/marcbricard.fr\/index.php\/wp-json\/wp\/v2\/pages\/30\/revisions\/119"}],"wp:attachment":[{"href":"https:\/\/marcbricard.fr\/index.php\/wp-json\/wp\/v2\/media?parent=30"}],"curies":[{"name":"wp","href":"https:\/\/api.w.org\/{rel}","templated":true}]}}