{"id":148,"date":"2024-09-30T15:45:16","date_gmt":"2024-09-30T13:45:16","guid":{"rendered":"https:\/\/marcbricard.fr\/?page_id=148"},"modified":"2025-11-16T17:31:14","modified_gmt":"2025-11-16T16:31:14","slug":"racontages","status":"publish","type":"page","link":"https:\/\/marcbricard.fr\/index.php\/racontages\/","title":{"rendered":"Agenda"},"content":{"rendered":"\n<p><strong>2025<\/strong><\/p>\n\n\n\n<p>mars : Festival de l&rsquo;Inde \u00e0 Casseneuil<\/p>\n\n\n\n<p>mai : Balade cont\u00e9e au moulins de Faug\u00e8res<\/p>\n\n\n\n<p>juin : Trinacriales \u00e0 B\u00e9darieux pour le Cri des Mythes<\/p>\n\n\n\n<p>juin : Shlemiel de Chelm au th\u00e9\u00e2tre de la Bicyclette \u00e0 Lod\u00e8ve<\/p>\n\n\n\n<p>juin : Veill\u00e9e contes en martenelle \u00e0 Villemagne l&rsquo;Argenti\u00e8re<\/p>\n\n\n\n<p>juillet : sieste cont\u00e9e \u00e0 Servian<\/p>\n\n\n\n<p>juillet &#8211; ao\u00fbt : Contes \u00e0 la base de loisirs de la Prade \u00e0 Lunas (34) pour le Cri des Mythes<\/p>\n\n\n\n<p>septembre : F\u00eate de la pierre \u00e0 Camplong (34)<\/p>\n\n\n\n<p><strong>2024<\/strong><\/p>\n\n\n\n<p>juillet &#8211; ao\u00fbt : Contes \u00e0 la base de loisirs de la Prade \u00e0 Lunas (34) pour le Cri des Mythes<\/p>\n\n\n\n<p>septembre : <a href=\"https:\/\/marcbricard.fr\/index.php\/fete-de-la-pierre\/\">F\u00eate de la pierre \u00e0 Camplong (34)<\/a><\/p>\n\n\n\n<p><strong>2023<\/strong><\/p>\n\n\n\n<p>juillet &#8211; ao\u00fbt : Contes \u00e0 la base de loisirs de la Prade \u00e0 Lunas (34) pour le Cri des Mythes<\/p>\n\n\n\n<p><\/p>\n","protected":false},"excerpt":{"rendered":"<p>2025 mars : Festival de l&rsquo;Inde \u00e0 Casseneuil mai : Balade cont\u00e9e au moulins de Faug\u00e8res juin : Trinacriales \u00e0 B\u00e9darieux pour le Cri des Mythes juin : Shlemiel de Chelm au th\u00e9\u00e2tre de la Bicyclette \u00e0 Lod\u00e8ve juin : Veill\u00e9e contes en martenelle \u00e0 Villemagne l&rsquo;Argenti\u00e8re juillet : sieste cont\u00e9e \u00e0 Servian juillet &#8211; &hellip; <\/p>\n<p class=\"link-more\"><a href=\"https:\/\/marcbricard.fr\/index.php\/racontages\/\" class=\"more-link\">Continuer la lecture<span class=\"screen-reader-text\"> de &laquo;&nbsp;Agenda&nbsp;&raquo;<\/span><\/a><\/p>\n","protected":false},"author":1,"featured_media":0,"parent":0,"menu_order":0,"comment_status":"closed","ping_status":"closed","template":"","meta":{"footnotes":""},"class_list":["post-148","page","type-page","status-publish","hentry"],"_links":{"self":[{"href":"https:\/\/marcbricard.fr\/index.php\/wp-json\/wp\/v2\/pages\/148","targetHints":{"allow":["GET"]}}],"collection":[{"href":"https:\/\/marcbricard.fr\/index.php\/wp-json\/wp\/v2\/pages"}],"about":[{"href":"https:\/\/marcbricard.fr\/index.php\/wp-json\/wp\/v2\/types\/page"}],"author":[{"embeddable":true,"href":"https:\/\/marcbricard.fr\/index.php\/wp-json\/wp\/v2\/users\/1"}],"replies":[{"embeddable":true,"href":"https:\/\/marcbricard.fr\/index.php\/wp-json\/wp\/v2\/comments?post=148"}],"version-history":[{"count":15,"href":"https:\/\/marcbricard.fr\/index.php\/wp-json\/wp\/v2\/pages\/148\/revisions"}],"predecessor-version":[{"id":218,"href":"https:\/\/marcbricard.fr\/index.php\/wp-json\/wp\/v2\/pages\/148\/revisions\/218"}],"wp:attachment":[{"href":"https:\/\/marcbricard.fr\/index.php\/wp-json\/wp\/v2\/media?parent=148"}],"curies":[{"name":"wp","href":"https:\/\/api.w.org\/{rel}","templated":true}]}}